{"id":1348,"date":"2026-04-02T15:12:34","date_gmt":"2026-04-02T15:12:34","guid":{"rendered":"https:\/\/zeongrow.org\/?page_id=1348"},"modified":"2026-04-02T15:12:35","modified_gmt":"2026-04-02T15:12:35","slug":"verification-didentite","status":"publish","type":"page","link":"https:\/\/zeongrow.org\/fr\/verification-didentite\/","title":{"rendered":"V\u00e9rification d\u2019identit\u00e9"},"content":{"rendered":"\n<div class=\"wp-block-group alignfull is-layout-constrained wp-block-group-is-layout-constrained\" style=\"margin-top:0;margin-bottom:0\">\n<div class=\"wp-block-cover alignfull\" style=\"margin-top:0;margin-bottom:0;padding-top:var(--wp--preset--spacing--30);padding-right:var(--wp--preset--spacing--30);padding-bottom:var(--wp--preset--spacing--30);padding-left:var(--wp--preset--spacing--30);min-height:50px\"><span aria-hidden=\"true\" class=\"wp-block-cover__background has-background-dim-100 has-background-dim\" style=\"background-color:#030720\"><\/span><div class=\"wp-block-cover__inner-container is-layout-flow wp-block-cover-is-layout-flow\">\n<div class=\"wp-block-group is-layout-constrained wp-container-core-group-layout-1 wp-block-group-is-layout-constrained\" style=\"padding-top:74px;padding-bottom:136px\">\n<h1 class=\"wp-block-heading has-text-align-center has-text-color has-link-color wp-elements-e6b8fdab8de8a30b67c9d402e54daa3b\" style=\"color:#e9edff;font-size:36px;font-style:normal;font-weight:600;line-height:1.2\"><strong>Politique de v\u00e9rification KYC \/ AML<\/strong><\/h1>\n\n\n\n<div style=\"height:6px\" aria-hidden=\"true\" class=\"wp-block-spacer\"><\/div>\n\n\n\n<h2 class=\"wp-block-heading\"><strong>1. Introduction<\/strong><\/h2>\n\n\n\n<p>ZeonGrow met en \u0153uvre des proc\u00e9dures d\u2019identification des clients (Know Your Customer \u2013 KYC) ainsi que des mesures de lutte contre le blanchiment d\u2019argent (Anti-Money Laundering \u2013 AML), conform\u00e9ment aux standards de conformit\u00e9 applicables.<\/p>\n\n\n\n<p>Ces dispositifs visent \u00e0 garantir un environnement s\u00e9curis\u00e9, \u00e0 pr\u00e9venir les activit\u00e9s financi\u00e8res illicites et \u00e0 assurer le respect des obligations r\u00e9glementaires.<\/p>\n\n\n\n<p>Dans ce cadre, les utilisateurs peuvent \u00eatre tenus de proc\u00e9der \u00e0 une v\u00e9rification d\u2019identit\u00e9 avant d\u2019acc\u00e9der \u00e0 certaines fonctionnalit\u00e9s de la plateforme, notamment les services de trading, les d\u00e9p\u00f4ts ou les retraits.<\/p>\n\n\n\n<h2 class=\"wp-block-heading\"><strong>2. Proc\u00e9dures KYC (Know Your Customer)<\/strong><\/h2>\n\n\n\n<p>Les proc\u00e9dures KYC ont pour objectif de v\u00e9rifier l\u2019identit\u00e9 des utilisateurs et l\u2019exactitude des informations fournies lors de l\u2019inscription.<\/p>\n\n\n\n<p>Elles impliquent g\u00e9n\u00e9ralement :<\/p>\n\n\n\n<ul>\n<li>la collecte de donn\u00e9es personnelles ;<\/li>\n\n\n\n<li>la v\u00e9rification de documents officiels ;<\/li>\n\n\n\n<li>la validation de l\u2019identit\u00e9 de l\u2019utilisateur.<\/li>\n<\/ul>\n\n\n\n<p>Ces mesures permettent de limiter les risques de fraude, d\u2019usurpation d\u2019identit\u00e9 et d\u2019utilisation abusive des services.<\/p>\n\n\n\n<h2 class=\"wp-block-heading\"><strong>3. Mesures AML (Anti-Money Laundering)<\/strong><\/h2>\n\n\n\n<p>Les dispositifs AML visent \u00e0 pr\u00e9venir l\u2019utilisation de la plateforme \u00e0 des fins de blanchiment d\u2019argent, de financement du terrorisme ou d\u2019autres activit\u00e9s illicites.<\/p>\n\n\n\n<p>Ils comprennent notamment :<\/p>\n\n\n\n<ul>\n<li>la surveillance des transactions ;<\/li>\n\n\n\n<li>l\u2019\u00e9valuation des profils de risque ;<\/li>\n\n\n\n<li>la d\u00e9tection d\u2019activit\u00e9s inhabituelles ;<\/li>\n\n\n\n<li>la mise en \u0153uvre de proc\u00e9dures de conformit\u00e9 et, le cas \u00e9ch\u00e9ant, de signalement.<\/li>\n<\/ul>\n\n\n\n<h2 class=\"wp-block-heading\"><strong>4. N\u00e9cessit\u00e9 de la v\u00e9rification d\u2019identit\u00e9<\/strong><\/h2>\n\n\n\n<p>La v\u00e9rification d\u2019identit\u00e9 permet de :<\/p>\n\n\n\n<ul>\n<li>confirmer que les utilisateurs sont des personnes r\u00e9elles ;<\/li>\n\n\n\n<li>garantir la conformit\u00e9 aux exigences r\u00e9glementaires ;<\/li>\n\n\n\n<li>prot\u00e9ger les comptes contre les acc\u00e8s non autoris\u00e9s ;<\/li>\n\n\n\n<li>renforcer la s\u00e9curit\u00e9 globale de la plateforme.<\/li>\n<\/ul>\n\n\n\n<h2 class=\"wp-block-heading\"><strong>5. Documents requis<\/strong><\/h2>\n\n\n\n<h4 class=\"wp-block-heading\"><strong>Preuve d\u2019identit\u00e9<\/strong><\/h4>\n\n\n\n<p>L\u2019utilisateur doit fournir un document officiel valide d\u00e9livr\u00e9 par une autorit\u00e9 comp\u00e9tente.<\/p>\n\n\n\n<p>Documents accept\u00e9s :<\/p>\n\n\n\n<ul>\n<li>passeport ;<\/li>\n\n\n\n<li>carte nationale d\u2019identit\u00e9 ;<\/li>\n\n\n\n<li>permis de conduire.<\/li>\n<\/ul>\n\n\n\n<p>Exigences :<\/p>\n\n\n\n<ul>\n<li>document en cours de validit\u00e9 ;<\/li>\n\n\n\n<li>informations clairement visibles ;<\/li>\n\n\n\n<li>document complet et non alt\u00e9r\u00e9 ;<\/li>\n\n\n\n<li>correspondance avec les donn\u00e9es du compte.<\/li>\n<\/ul>\n\n\n\n<h4 class=\"wp-block-heading\"><strong>Preuve d\u2019adresse<\/strong><\/h4>\n\n\n\n<p>Une preuve de r\u00e9sidence peut \u00eatre requise.<\/p>\n\n\n\n<p>Documents accept\u00e9s :<\/p>\n\n\n\n<ul>\n<li>facture de services publics ;<\/li>\n\n\n\n<li>relev\u00e9 bancaire ;<\/li>\n\n\n\n<li>document officiel d\u2019une autorit\u00e9 publique ;<\/li>\n\n\n\n<li>document fiscal.<\/li>\n<\/ul>\n\n\n\n<p>Exigences :<\/p>\n\n\n\n<ul>\n<li>nom complet et adresse visibles ;<\/li>\n\n\n\n<li>document r\u00e9cent (g\u00e9n\u00e9ralement moins de 3 mois) ;<\/li>\n\n\n\n<li>lisibilit\u00e9 suffisante.<\/li>\n<\/ul>\n\n\n\n<h4 class=\"wp-block-heading\"><strong>V\u00e9rification biom\u00e9trique<\/strong><\/h4>\n\n\n\n<p>Une v\u00e9rification par selfie ou en direct peut \u00eatre demand\u00e9e afin de confirmer que le titulaire du compte correspond au document fourni.<\/p>\n\n\n\n<h2 class=\"wp-block-heading\"><strong>6. Processus de v\u00e9rification<\/strong><\/h2>\n\n\n\n<p>Le processus comprend g\u00e9n\u00e9ralement :<\/p>\n\n\n\n<ol>\n<li>cr\u00e9ation du compte et saisie des informations personnelles ;<\/li>\n\n\n\n<li>soumission des documents requis ;<\/li>\n\n\n\n<li>contr\u00f4les automatis\u00e9s ;<\/li>\n\n\n\n<li>v\u00e9rification compl\u00e9mentaire par l\u2019\u00e9quipe de conformit\u00e9 (le cas \u00e9ch\u00e9ant) ;<\/li>\n\n\n\n<li>validation et activation des fonctionnalit\u00e9s.<\/li>\n<\/ol>\n\n\n\n<p>Des informations compl\u00e9mentaires peuvent \u00eatre demand\u00e9es si n\u00e9cessaire.<\/p>\n\n\n\n<h2 class=\"wp-block-heading\"><strong>7. D\u00e9lais de traitement<\/strong><\/h2>\n\n\n\n<p>Les demandes sont g\u00e9n\u00e9ralement trait\u00e9es dans un d\u00e9lai de 24 \u00e0 72 heures ouvrables.<\/p>\n\n\n\n<p>Ce d\u00e9lai peut varier en fonction :<\/p>\n\n\n\n<ul>\n<li>de la qualit\u00e9 des documents ;<\/li>\n\n\n\n<li>de la compl\u00e9tude des informations ;<\/li>\n\n\n\n<li>des contr\u00f4les de s\u00e9curit\u00e9 requis ;<\/li>\n\n\n\n<li>du volume de demandes.<\/li>\n<\/ul>\n\n\n\n<h2 class=\"wp-block-heading\"><strong>8. Motifs de refus<\/strong><\/h2>\n\n\n\n<p>Une demande peut \u00eatre refus\u00e9e notamment en cas de :<\/p>\n\n\n\n<ul>\n<li>document expir\u00e9 ou invalide ;<\/li>\n\n\n\n<li>image illisible ou incompl\u00e8te ;<\/li>\n\n\n\n<li>incoh\u00e9rences dans les informations ;<\/li>\n\n\n\n<li>suspicion de fraude ;<\/li>\n\n\n\n<li>non-conformit\u00e9 aux exigences r\u00e9glementaires.<\/li>\n<\/ul>\n\n\n\n<p>L\u2019utilisateur pourra \u00eatre invit\u00e9 \u00e0 soumettre des documents corrig\u00e9s.<\/p>\n\n\n\n<h2 class=\"wp-block-heading\"><strong>9. Surveillance des transactions<\/strong><\/h2>\n\n\n\n<p>Dans le cadre des obligations AML, certaines activit\u00e9s peuvent faire l\u2019objet d\u2019une surveillance.<\/p>\n\n\n\n<p>Cela peut inclure :<\/p>\n\n\n\n<ul>\n<li>l\u2019analyse des comportements de transaction ;<\/li>\n\n\n\n<li>la d\u00e9tection d\u2019activit\u00e9s inhabituelles ;<\/li>\n\n\n\n<li>l\u2019examen des op\u00e9rations \u00e0 risque \u00e9lev\u00e9.<\/li>\n<\/ul>\n\n\n\n<p>Des restrictions temporaires peuvent \u00eatre appliqu\u00e9es en cas de contr\u00f4le suppl\u00e9mentaire.<\/p>\n\n\n\n<h2 class=\"wp-block-heading\"><strong>10. Responsabilit\u00e9 de l\u2019utilisateur<\/strong><\/h2>\n\n\n\n<p>L\u2019utilisateur est responsable de l\u2019exactitude et de l\u2019authenticit\u00e9 des informations fournies.<\/p>\n\n\n\n<p>Il s\u2019engage \u00e0 :<\/p>\n\n\n\n<ul>\n<li>fournir des documents valides ;<\/li>\n\n\n\n<li>soumettre des informations exactes ;<\/li>\n\n\n\n<li>maintenir ses donn\u00e9es \u00e0 jour ;<\/li>\n\n\n\n<li>ne pas transmettre de documents falsifi\u00e9s.<\/li>\n<\/ul>\n\n\n\n<p>Toute violation peut entra\u00eener des restrictions ou la suspension du compte.<\/p>\n\n\n\n<h2 class=\"wp-block-heading\"><strong>11. Conformit\u00e9 et s\u00e9curit\u00e9<\/strong><\/h2>\n\n\n\n<p>ZeonGrow applique des proc\u00e9dures internes visant \u00e0 assurer la conformit\u00e9 et la s\u00e9curit\u00e9, notamment :<\/p>\n\n\n\n<ul>\n<li>v\u00e9rification d\u2019identit\u00e9 ;<\/li>\n\n\n\n<li>surveillance des transactions ;<\/li>\n\n\n\n<li>pr\u00e9vention de la fraude ;<\/li>\n\n\n\n<li>gestion des risques ;<\/li>\n\n\n\n<li>contr\u00f4les internes.<\/li>\n<\/ul>\n\n\n\n<h2 class=\"wp-block-heading\"><strong>12. Contact<\/strong><\/h2>\n\n\n\n<p>Pour toute question relative aux proc\u00e9dures KYC \/ AML, les utilisateurs peuvent contacter le support via les coordonn\u00e9es disponibles sur le site officiel de ZeonGrow.<\/p>\n<\/div>\n<\/div><\/div>\n<\/div>\n\n\n\n<div class=\"wp-block-cover alignfull\" style=\"margin-top:0;margin-bottom:0;padding-top:50px;padding-right:var(--wp--preset--spacing--30);padding-bottom:60px;padding-left:var(--wp--preset--spacing--30);min-height:50px\"><span aria-hidden=\"true\" class=\"wp-block-cover__background has-background-dim-100 has-background-dim\" style=\"background-color:#030720\"><\/span><div class=\"wp-block-cover__inner-container is-layout-flow wp-block-cover-is-layout-flow\">\n<div class=\"wp-block-group is-layout-constrained wp-container-core-group-layout-3 wp-block-group-is-layout-constrained\">\n<div class=\"wp-block-columns are-vertically-aligned-center is-layout-flex wp-container-core-columns-layout-1 wp-block-columns-is-layout-flex\">\n<div class=\"wp-block-column is-vertically-aligned-center is-layout-flow wp-block-column-is-layout-flow\" style=\"flex-basis:190px\">\n<figure class=\"wp-block-image size-full is-resized\"><img loading=\"lazy\" decoding=\"async\" width=\"216\" height=\"72\" src=\"https:\/\/zeongrow.org\/wp-content\/uploads\/2025\/02\/logo.png\" alt=\"\" class=\"wp-image-847\" style=\"width:190px;height:auto\"\/><\/figure>\n<\/div>\n\n\n\n<div class=\"wp-block-column is-vertically-aligned-center is-layout-flow wp-block-column-is-layout-flow\"><\/div>\n<\/div>\n\n\n\n<p class=\"has-text-color has-link-color has-normal-font-size wp-elements-e3d52a28a90d0b47e93d1feaaef2f77c\" style=\"color:#a6a9c1;line-height:1.6\"><strong>AVERTISSEMENT DE RISQUE \u00c9LEV\u00c9 :<\/strong> Le trading de devises, de CFD et de cryptomonnaies est hautement sp\u00e9culatif, comporte un certain niveau de risque et peut ne pas convenir \u00e0 tous les investisseurs. Vous pouvez perdre une partie ou la totalit\u00e9 de votre capital investi ; par cons\u00e9quent, vous ne devez pas sp\u00e9culer avec des fonds que vous ne pouvez pas vous permettre de perdre.<br><strong>DIVULGATION DES RISQUES SUR LE SITE :<\/strong> Zeongrow n\u2019assume aucune responsabilit\u00e9 pour toute perte ou tout dommage r\u00e9sultant de l\u2019utilisation des informations contenues sur ce site ; cela inclut les supports \u00e9ducatifs, les cotations de prix et les graphiques, ainsi que les analyses. Veuillez \u00eatre conscient des risques li\u00e9s au trading sur les march\u00e9s financiers et, le cas \u00e9ch\u00e9ant, demander conseil \u00e0 un professionnel ; n\u2019investissez jamais plus d\u2019argent que vous ne pouvez vous permettre de perdre. Les risques associ\u00e9s aux devises, aux CFD et aux cryptomonnaies peuvent ne pas convenir \u00e0 tous les investisseurs.<br><strong>RESTRICTIONS L\u00c9GALES :<\/strong> Sans limiter les dispositions susmentionn\u00e9es, vous comprenez que les lois relatives aux activit\u00e9s financi\u00e8res varient dans le monde entier, et qu\u2019il vous incombe de vous assurer que vous respectez toute loi, r\u00e9glementation ou directive applicable dans votre pays de r\u00e9sidence concernant l\u2019utilisation du Site. Afin d\u2019\u00e9viter toute ambigu\u00eft\u00e9, la possibilit\u00e9 d\u2019acc\u00e9der \u00e0 notre Site ne signifie pas n\u00e9cessairement que nos Services et\/ou vos activit\u00e9s via le Site sont l\u00e9gaux en vertu des lois, r\u00e9glementations ou directives applicables dans votre pays de r\u00e9sidence. Nous avons plac\u00e9 des cookies sur votre ordinateur afin d\u2019am\u00e9liorer votre exp\u00e9rience lors de la visite de ce site. Vous pouvez modifier les param\u00e8tres de cookies sur votre ordinateur \u00e0 tout moment. L\u2019utilisation de ce site signifie que vous acceptez les conditions de ce site.<\/p>\n<\/div>\n<\/div><\/div>\n","protected":false},"excerpt":{"rendered":"","protected":false},"author":1,"featured_media":0,"parent":0,"menu_order":0,"comment_status":"closed","ping_status":"closed","template":"","meta":{"footnotes":""},"_links":{"self":[{"href":"https:\/\/zeongrow.org\/fr\/wp-json\/wp\/v2\/pages\/1348"}],"collection":[{"href":"https:\/\/zeongrow.org\/fr\/wp-json\/wp\/v2\/pages"}],"about":[{"href":"https:\/\/zeongrow.org\/fr\/wp-json\/wp\/v2\/types\/page"}],"author":[{"embeddable":true,"href":"https:\/\/zeongrow.org\/fr\/wp-json\/wp\/v2\/users\/1"}],"replies":[{"embeddable":true,"href":"https:\/\/zeongrow.org\/fr\/wp-json\/wp\/v2\/comments?post=1348"}],"version-history":[{"count":1,"href":"https:\/\/zeongrow.org\/fr\/wp-json\/wp\/v2\/pages\/1348\/revisions"}],"predecessor-version":[{"id":1349,"href":"https:\/\/zeongrow.org\/fr\/wp-json\/wp\/v2\/pages\/1348\/revisions\/1349"}],"wp:attachment":[{"href":"https:\/\/zeongrow.org\/fr\/wp-json\/wp\/v2\/media?parent=1348"}],"curies":[{"name":"wp","href":"https:\/\/api.w.org\/{rel}","templated":true}]}}